{"id":229,"date":"2024-05-21T11:10:09","date_gmt":"2024-05-21T09:10:09","guid":{"rendered":"https:\/\/villakerascoet.com\/?page_id=229"},"modified":"2024-05-21T11:10:09","modified_gmt":"2024-05-21T09:10:09","slug":"chaumiere","status":"publish","type":"page","link":"https:\/\/villakerascoet.com\/?page_id=229","title":{"rendered":"Chaumi\u00e8re"},"content":{"rendered":"<div class=\"wpb-content-wrapper\"><p>[vc_row css=&#8221;.vc_custom_1716281337601{margin-top: 100px !important;}&#8221;][vc_column align=&#8221;text-center&#8221;]<header class=\"fancy-title text-center ld_section_title_69dc1ea0ebaf2\">\n\t<h2>Chambres de la Chaumi\u00e8re<\/h2>\t\t<\/header>[vc_column_text css=&#8221;&#8221;]Nous pouvons \u00e9galement vous proposer une chambre dans une authentique chaumi\u00e8re, au c\u0153ur du village de Kerasco\u00ebt, avec son entr\u00e9e ind\u00e9pendante &#038; parking. <\/p>\n<p>Equipements : douche, lavabo, WC, t\u00e9l\u00e9vision, bureau, plateau de courtoisie, Wi-Fi, parking.[\/vc_column_text][\/vc_column][\/vc_row][vc_row css=&#8221;.vc_custom_1716280981315{margin-top: 40px !important;}&#8221;][vc_column width=&#8221;1\/2&#8243;]<header class=\"fancy-title ld_section_title_69dc1ea0ebdd7\">\n\t<h2>CHAMBRE CHAUMI\u00c8RE<\/h2>\t\t<\/header>[vc_column_text css=&#8221;&#8221;]Au RDC \u2013 vue sur le jardin<\/p>\n<p>Elle poss\u00e8de un lit 140cm, un bureau, une penderie et une salle d\u2019eau attenante (avec s\u00e8che-cheveux), et WC.<\/p>\n<ul>\n<li>SDE &amp; WC<\/li>\n<li>Linge de lit<\/li>\n<li>Produits de toilette<\/li>\n<li>Plateau de courtoisie<\/li>\n<li>TV<\/li>\n<li>Wi-Fi<\/li>\n<\/ul>\n<p>[\/vc_column_text][\/vc_column][vc_column width=&#8221;1\/2&#8243;][vc_single_image image=&#8221;164&#8243; img_size=&#8221;medium&#8221; alignment=&#8221;center&#8221; css=&#8221;&#8221; image_max_width=&#8221;400&#8243;][\/vc_column][\/vc_row][vc_row css=&#8221;.vc_custom_1716281741869{margin-top: 40px !important;}&#8221;][vc_column width=&#8221;1\/3&#8243;][vc_single_image image=&#8221;163&#8243; img_size=&#8221;medium&#8221; css=&#8221;&#8221;][\/vc_column][vc_column width=&#8221;1\/3&#8243;][vc_single_image image=&#8221;166&#8243; img_size=&#8221;medium&#8221; css=&#8221;&#8221;][\/vc_column][vc_column width=&#8221;1\/3&#8243;][vc_single_image image=&#8221;165&#8243; img_size=&#8221;medium&#8221; css=&#8221;&#8221;][\/vc_column][\/vc_row][vc_row css=&#8221;.vc_custom_1716281764092{margin-top: 40px !important;}&#8221;][vc_column][vc_column_text css=&#8221;&#8221;]<div class=\"wptb-table-container wptb-table-231\"><div class=\"wptb-table-container-matrix\" id=\"wptb-table-id-231\" data-wptb-version=\"1.4.15\" data-wptb-pro-status=\"false\"><table class=\"wptb-preview-table wptb-element-main-table_setting-231\" data-reconstraction=\"1\" style=\"border: 1px solid rgb(209, 209, 209);\" data-wptb-table-tds-sum-max-width=\"394\" data-wptb-cells-width-auto-count=\"3\" data-wptb-horizontal-scroll-status=\"false\" data-wptb-extra-styles=\"LyogRW50ZXIgeW91ciBjdXN0b20gQ1NTIHJ1bGVzIGhlcmUgKi8=\" role=\"table\" data-table-columns=\"3\"><tbody><tr class=\"wptb-row\"><td class=\"wptb-cell\" style=\"border: 1px solid rgb(209, 209, 209);\" data-x-index=\"0\" data-y-index=\"0\"><div class=\"wptb-text-container wptb-ph-element wptb-element-text-606\" style=\"color: rgb(0, 0, 0); font-size: 15px;\"><div class=\"\" style=\"position: relative; word-break: break-word; z-index: 0;\" data-mci-spellchecked=\"true\"><p>Tarif<\/p><\/div><mci-extension data-role=\"overlay\" id=\"overlay-root\"><\/mci-extension><\/div><\/td><td class=\"wptb-cell\" style=\"border: 1px solid rgb(209, 209, 209);\" data-x-index=\"1\" data-y-index=\"0\"><div class=\"wptb-text-container wptb-ph-element wptb-element-text-607\" style=\"color: rgb(0, 0, 0); font-size: 15px;\"><div class=\"\" style=\"position: relative; word-break: break-word; z-index: 0;\" data-mci-spellchecked=\"true\"><p>Haute saison<\/p><\/div><mci-extension data-role=\"overlay\" id=\"overlay-root\"><\/mci-extension><\/div><\/td><td class=\"wptb-cell\" style=\"border: 1px solid rgb(209, 209, 209);\" data-x-index=\"2\" data-y-index=\"0\"><div class=\"wptb-text-container wptb-ph-element wptb-element-text-608\" style=\"color: rgb(0, 0, 0); font-size: 15px;\"><div class=\"\" style=\"position: relative; word-break: break-word; z-index: 0;\" data-mci-spellchecked=\"true\"><p>Basse saison<\/p><\/div><mci-extension data-role=\"overlay\" id=\"overlay-root\"><\/mci-extension><\/div><\/td><\/tr><tr class=\"wptb-row\" style=\"--hover-bg-color: undefined;\"><td class=\"wptb-cell\" style=\"border: 1px solid rgb(209, 209, 209);\" data-x-index=\"0\" data-y-index=\"1\"><div class=\"wptb-text-container wptb-ph-element wptb-element-text-603\" style=\"color: rgb(0, 0, 0); font-size: 15px;\"><div class=\"\" style=\"position: relative; word-break: break-word; z-index: 0;\" data-mci-spellchecked=\"true\"><p>Tarifs 1 nuit<\/p><\/div><mci-extension data-role=\"overlay\" id=\"overlay-root\"><\/mci-extension><\/div><\/td><td class=\"wptb-cell\" style=\"border: 1px solid rgb(209, 209, 209);\" data-x-index=\"1\" data-y-index=\"1\"><div class=\"wptb-text-container wptb-ph-element wptb-element-text-604\" style=\"color: rgb(0, 0, 0); font-size: 15px;\"><div class=\"\" style=\"position: relative; word-break: break-word; z-index: 0;\" data-mci-spellchecked=\"true\"><p>75&euro;<\/p><\/div><mci-extension data-role=\"overlay\" id=\"overlay-root\"><\/mci-extension><\/div><\/td><td class=\"wptb-cell\" style=\"border: 1px solid rgb(209, 209, 209);\" data-x-index=\"2\" data-y-index=\"1\"><div class=\"wptb-text-container wptb-ph-element wptb-element-text-605\" style=\"color: rgb(0, 0, 0); font-size: 15px;\"><div class=\"\" style=\"position: relative; word-break: break-word; z-index: 0;\" data-mci-spellchecked=\"true\"><p>65&euro;<\/p><\/div><mci-extension data-role=\"overlay\" id=\"overlay-root\"><\/mci-extension><\/div><\/td><\/tr><tr class=\"wptb-row\" style=\"--hover-bg-color: undefined;\"><td class=\"wptb-cell\" style=\"border: 1px solid rgb(209, 209, 209);\" data-x-index=\"0\" data-y-index=\"2\"><div class=\"wptb-text-container wptb-ph-element wptb-element-text-600\" style=\"color: rgb(0, 0, 0); font-size: 15px;\"><div class=\"\" style=\"position: relative; word-break: break-word; z-index: 0;\" data-mci-spellchecked=\"true\"><p>Tarifs 2 nuits<\/p><\/div><mci-extension data-role=\"overlay\" id=\"overlay-root\"><\/mci-extension><\/div><\/td><td class=\"wptb-cell\" style=\"border: 1px solid rgb(209, 209, 209);\" data-x-index=\"1\" data-y-index=\"2\"><div class=\"wptb-text-container wptb-ph-element wptb-element-text-601\" style=\"color: rgb(0, 0, 0); font-size: 15px;\"><div class=\"\" style=\"position: relative; word-break: break-word; z-index: 0;\" data-mci-spellchecked=\"true\"><p>120&euro;<\/p><\/div><mci-extension data-role=\"overlay\" id=\"overlay-root\"><\/mci-extension><\/div><\/td><td class=\"wptb-cell\" style=\"border: 1px solid rgb(209, 209, 209);\" data-x-index=\"2\" data-y-index=\"2\"><div class=\"wptb-text-container wptb-ph-element wptb-element-text-602\" style=\"color: rgb(0, 0, 0); font-size: 15px;\"><div class=\"\" style=\"position: relative; word-break: break-word; z-index: 0;\" data-mci-spellchecked=\"true\"><p>100&euro;<\/p><\/div><mci-extension data-role=\"overlay\" id=\"overlay-root\"><\/mci-extension><\/div><\/td><\/tr><tr class=\"wptb-row\" style=\"--hover-bg-color: undefined;\"><td class=\"wptb-cell\" style=\"border: 1px solid rgb(209, 209, 209);\" data-x-index=\"0\" data-y-index=\"3\" data-wptb-css-td-auto-width=\"true\"><div class=\"wptb-text-container wptb-ph-element wptb-element-text-599\" style=\"color: rgb(0, 0, 0); font-size: 15px;\"><div class=\"\" style=\"position: relative; word-break: break-word; z-index: 0;\" data-mci-spellchecked=\"true\"><p>Tarifs + 2 nuits<\/p><\/div><mci-extension data-role=\"overlay\" id=\"overlay-root\"><\/mci-extension><\/div><\/td><td class=\"wptb-cell\" style=\"border: 1px solid rgb(209, 209, 209);\" data-x-index=\"1\" data-y-index=\"3\" data-wptb-css-td-auto-width=\"true\"><div class=\"wptb-text-container wptb-ph-element wptb-element-text-598\" style=\"color: rgb(0, 0, 0); font-size: 15px;\"><div class=\"\" style=\"position: relative; word-break: break-word; z-index: 0;\" data-mci-spellchecked=\"true\"><p>50&euro;\/nuit<\/p><\/div><mci-extension data-role=\"overlay\" id=\"overlay-root\"><\/mci-extension><\/div><\/td><td class=\"wptb-cell\" data-y-index=\"3\" data-x-index=\"2\" style=\"border: 1px solid rgb(209, 209, 209);\" data-wptb-css-td-auto-width=\"true\"><div class=\"wptb-text-container wptb-ph-element wptb-element-text-597\" style=\"color: rgb(0, 0, 0); font-size: 15px;\"><div class=\"\" data-mci-spellchecked=\"true\" style=\"word-break: break-word; position: relative; z-index: 0;\"><p>45&euro;\/nuit<\/p><\/div><mci-extension data-role=\"overlay\" id=\"overlay-root\"><\/mci-extension><\/div><\/td><\/tr><\/tbody><\/table>\n<\/div><\/div>\n[\/vc_column_text][vc_column_text css=&#8221;&#8221;]Haute saison :       Juillet \/ Ao\u00fbt \/ vac. No\u00ebl<\/p>\n<p>Basse saison :       Jan \/ F\u00e9v \/ Mars \/ Avr \/ Mai \/ Juin \/ Sept \/ Oct \/ Nov \/ D\u00e9c<\/p>\n<p>Les prix incluent le parking s\u00e9curis\u00e9, le Wi-Fi et les taxes de s\u00e9jour.[\/vc_column_text][\/vc_column][\/vc_row][vc_row equal_height=&#8221;yes&#8221; css=&#8221;.vc_custom_1560327792018{padding-top: 160px !important;padding-bottom: 160px !important;background-color: #f4f4ef !important;}&#8221; el_id=&#8221;findus&#8221;][vc_column enable_content_animation=&#8221;yes&#8221; ca_init_scale_x=&#8221;1&#8243; ca_init_scale_y=&#8221;1&#8243; ca_init_scale_z=&#8221;1&#8243; ca_init_opacity=&#8221;1&#8243; ca_an_scale_x=&#8221;1&#8243; ca_an_scale_y=&#8221;1&#8243; ca_an_scale_z=&#8221;1&#8243; ca_an_opacity=&#8221;1&#8243; offset=&#8221;vc_col-md-offset-2 vc_col-md-8&#8243; css=&#8221;.vc_custom_1559303803616{margin-bottom: 30px !important;padding-right: 15px !important;padding-left: 15px !important;}&#8221; ca_duration=&#8221;1200&#8243; ca_init_translate_y=&#8221;60&#8243;]<style>.ld_section_title_69dc1ea0ed1f8 p{font-size:14px;margin-top:0px !important;;margin-bottom:0px !important;;}.ld_section_title_69dc1ea0ed1f8 h2{font-size:46px;}<\/style><header class=\"fancy-title text-center ld_section_title_69dc1ea0ed1f8 vc_custom_1716279763781\">\n\t\t<h2 class=\"\">Contactez-nous<\/h2>\t<\/header>[vc_single_image image=&#8221;42&#8243; img_size=&#8221;full&#8221; alignment=&#8221;center&#8221; css=&#8221;.vc_custom_1559301971004{margin-bottom: 25px !important;}&#8221;][\/vc_column][vc_column][vc_row_inner enable_content_animation=&#8221;yes&#8221; equal_height=&#8221;yes&#8221; ca_init_scale_x=&#8221;0.75&#8243; ca_init_scale_y=&#8221;0.75&#8243; ca_init_scale_z=&#8221;1&#8243; ca_init_opacity=&#8221;0&#8243; ca_an_scale_x=&#8221;1&#8243; ca_an_scale_y=&#8221;1&#8243; ca_an_scale_z=&#8221;1&#8243; ca_an_opacity=&#8221;1&#8243; ca_duration=&#8221;1600&#8243; ca_start_delay=&#8221;200&#8243; ca_delay=&#8221;160&#8243;][vc_column_inner offset=&#8221;vc_col-md-6&#8243; responsive_css=&#8221;padding_right_medium:50px|padding_left_medium:50px&#8221; css=&#8221;.vc_custom_1716280414630{padding-top: 45px !important;padding-right: 30px !important;padding-bottom: 45px !important;padding-left: 30px !important;background-color: #3b2525 !important;background-position: center !important;background-repeat: no-repeat !important;background-size: cover !important;border-radius: 5px !important;}&#8221;][vc_column_text css=&#8221;.vc_custom_1716279886194{margin-top: 0px !important;margin-bottom: 0px !important;}&#8221;]<span style=\"color: #ffffff;\">Pour r\u00e9server ou pour toute question, contactez-nous par t\u00e9l\u00e9phone ou par mail. Nous nous ferons un plaisir de vous r\u00e9pondre.<\/span><\/p>\n<p><span style=\"font-size: 19px; line-height: 1.75em; color: rgba(255,255,255,0.75);\">H\u00e9l\u00e8ne &amp; David<\/span><br \/>\n<span style=\"font-size: 19px; line-height: 1.75em; color: rgba(255,255,255,0.75);\">11 bis, Kerasco\u00ebt,<\/span><br \/>\n<span style=\"font-size: 19px; line-height: 1.75em; color: rgba(255,255,255,0.75);\">29 920 NEVEZ<\/span><\/p>\n<p><span style=\"font-size: 19px; line-height: 1.75em; color: rgba(255,255,255,0.75);\">T\u00e9l\u00e9phone : +33 (0)6 38 74 83 23<\/span><\/p>\n<p><span style=\"font-size: 19px; line-height: 1.75em; color: rgba(255,255,255,0.75);\">contact@villakerascoet.com<\/span>[\/vc_column_text][\/vc_column_inner][vc_column_inner offset=&#8221;vc_col-md-6&#8243;][vc_single_image image=&#8221;216&#8243; img_size=&#8221;full&#8221; css=&#8221;&#8221;][\/vc_column_inner][\/vc_row_inner][\/vc_column][\/vc_row]<\/p>\n<\/div>","protected":false},"excerpt":{"rendered":"<p>[vc_row css=&#8221;.vc_custom_1716281337601{margin-top: 100px !important;}&#8221;][vc_column align=&#8221;text-center&#8221;][vc_column_text css=&#8221;&#8221;]Nous pouvons \u00e9galement vous proposer une chambre dans une authentique&#8230;<\/p>\n","protected":false},"author":1,"featured_media":0,"parent":0,"menu_order":0,"comment_status":"closed","ping_status":"closed","template":"","meta":{"footnotes":""},"_links":{"self":[{"href":"https:\/\/villakerascoet.com\/index.php?rest_route=\/wp\/v2\/pages\/229"}],"collection":[{"href":"https:\/\/villakerascoet.com\/index.php?rest_route=\/wp\/v2\/pages"}],"about":[{"href":"https:\/\/villakerascoet.com\/index.php?rest_route=\/wp\/v2\/types\/page"}],"author":[{"embeddable":true,"href":"https:\/\/villakerascoet.com\/index.php?rest_route=\/wp\/v2\/users\/1"}],"replies":[{"embeddable":true,"href":"https:\/\/villakerascoet.com\/index.php?rest_route=%2Fwp%2Fv2%2Fcomments&post=229"}],"version-history":[{"count":2,"href":"https:\/\/villakerascoet.com\/index.php?rest_route=\/wp\/v2\/pages\/229\/revisions"}],"predecessor-version":[{"id":234,"href":"https:\/\/villakerascoet.com\/index.php?rest_route=\/wp\/v2\/pages\/229\/revisions\/234"}],"wp:attachment":[{"href":"https:\/\/villakerascoet.com\/index.php?rest_route=%2Fwp%2Fv2%2Fmedia&parent=229"}],"curies":[{"name":"wp","href":"https:\/\/api.w.org\/{rel}","templated":true}]}}